{"id":7,"date":"2018-11-21T08:15:11","date_gmt":"2018-11-21T08:15:11","guid":{"rendered":"https:\/\/diana-st-work.colibriwp.com\/default-restaurant\/index.php\/mesmerize-pro\/"},"modified":"2025-11-28T16:12:06","modified_gmt":"2025-11-28T16:12:06","slug":"mesmerize-pro","status":"publish","type":"page","link":"https:\/\/mposchool.com\/","title":{"rendered":"Front Page"},"content":{"rendered":"<div data-colibri-id=\"7-c1\" class=\"style-78 style-local-7-c1 position-relative\">\n  <!---->\n  <div data-colibri-component=\"section\" data-colibri-id=\"7-c2\" id=\"overlappable\" class=\"h-section h-section-global-spacing d-flex align-items-lg-center align-items-md-center align-items-center style-104 style-local-7-c2 position-relative\">\n    <!---->\n    <!---->\n    <div class=\"h-section-grid-container h-section-boxed-container\">\n      <!---->\n      <div data-colibri-id=\"7-c3\" class=\"h-row-container gutters-row-lg-0 gutters-row-md-0 gutters-row-0 gutters-row-v-lg-0 gutters-row-v-md-0 gutters-row-v-0 style-105 style-local-7-c3 position-relative\">\n        <!---->\n        <div class=\"h-row justify-content-lg-center justify-content-md-center justify-content-center align-items-lg-stretch align-items-md-stretch align-items-stretch gutters-col-lg-0 gutters-col-md-0 gutters-col-0 gutters-col-v-lg-0 gutters-col-v-md-0 gutters-col-v-0\">\n          <!---->\n          <div class=\"h-column h-column-container d-flex h-col-lg-auto h-col-md-auto h-col-auto style-106-outer style-local-7-c4-outer\">\n            <div data-colibri-id=\"7-c4\" class=\"d-flex h-flex-basis h-column__inner h-ui-empty-state-container h-px-lg-0 h-px-md-0 h-px-0 v-inner-lg-0 v-inner-md-0 v-inner-0 style-106 style-local-7-c4 position-relative\">\n              <!---->\n              <!---->\n              <div class=\"w-100 h-y-container h-column__content h-column__v-align flex-basis-100\">\n                <!---->\n              <\/div>\n            <\/div>\n          <\/div>\n          <div class=\"h-column h-column-container d-flex h-col-lg-auto h-col-md-auto h-col-auto style-109-outer style-local-7-c5-outer\">\n            <div data-colibri-id=\"7-c5\" class=\"d-flex h-flex-basis h-column__inner h-px-lg-0 h-px-md-0 h-px-0 v-inner-lg-0 v-inner-md-0 v-inner-0 style-109 style-local-7-c5 position-relative\">\n              <!---->\n              <!---->\n              <div class=\"w-100 h-y-container h-column__content h-column__v-align flex-basis-100 align-self-lg-center align-self-md-center align-self-center\">\n                <!---->\n                <div data-colibri-id=\"7-c7\" class=\"h-text h-text-component style-111 style-local-7-c7 position-relative h-element\">\n                  <!---->\n                  <!---->\n                  <div class=\"\">\n                    <p><span style=\"color: rgb(41, 41, 41);\">MPO School c&#8217;est votre nouveau club de parkour sur Marseille ! Apprenez \u00e0 grimper, sauter et faire des acrobaties avec des entra\u00eeneurs dipl\u00f4m\u00e9s ayant plus de 10 ans d&#8217;exp\u00e9rience dans la pratique et l&#8217;enseignement.<\/span><\/p>\n                  <\/div>\n                <\/div>\n              <\/div>\n            <\/div>\n          <\/div>\n          <div class=\"h-column h-column-container d-flex h-col-lg-auto h-col-md-auto h-col-auto style-108-outer style-local-7-c10-outer\">\n            <div data-colibri-id=\"7-c10\" class=\"d-flex h-flex-basis h-column__inner h-px-lg-0 h-px-md-0 h-px-0 v-inner-lg-0 v-inner-md-0 v-inner-0 style-108 style-local-7-c10 position-relative\">\n              <!---->\n              <!---->\n              <div class=\"w-100 h-y-container h-column__content h-column__v-align flex-basis-100 align-self-lg-center align-self-md-center align-self-start\">\n                <!---->\n                <div data-colibri-id=\"7-c11\" class=\"h-global-transition-all h-heading style-114 style-local-7-c11 position-relative h-element\">\n                  <!---->\n                  <div class=\"h-heading__outer style-114 style-local-7-c11\">\n                    <!---->\n                    <!---->\n                    <h4 class=\"\">Le parkour, un art, une philosophie<\/h4>\n                  <\/div>\n                <\/div>\n                <div data-colibri-id=\"7-c12\" class=\"h-text h-text-component style-115 style-local-7-c12 position-relative h-element\">\n                  <!---->\n                  <!---->\n                  <div class=\"\">\n                    <p><span style=\"font-weight: 400; font-size: 16px; font-family: &quot;Open Sans&quot;, &quot;Segoe UI&quot;, HelveticaNeue-Light, &quot;Helvetica Neue Light&quot;, &quot;Helvetica Neue&quot;, Helvetica, Arial, sans-serif; color: rgb(34, 34, 34);\">Port\u00e9s par la passion de cette discipline et par l\u2019envie de transmettre ses valeurs \u2013<\/span>\n                      <strong\n                        style=\"font-weight: 600; font-size: 16px; font-family: &quot;Open Sans&quot;, &quot;Segoe UI&quot;, HelveticaNeue-Light, &quot;Helvetica Neue Light&quot;, &quot;Helvetica Neue&quot;, Helvetica, Arial, sans-serif; color: rgb(34, 34, 34);\">&nbsp;\n                        <u>d\u00e9passement de soi, entraide, respect de soi m\u00eame des autres et de l\u2019environnement<\/u>&nbsp;<\/strong><span style=\"font-weight: 400; font-size: 16px; font-family: &quot;Open Sans&quot;, &quot;Segoe UI&quot;, HelveticaNeue-Light, &quot;Helvetica Neue Light&quot;, &quot;Helvetica Neue&quot;, Helvetica, Arial, sans-serif; color: rgb(34, 34, 34);\">\u2013 nous souhaitons cr\u00e9er un nouveau club accessible, structur\u00e9 et s\u00e9curis\u00e9 pour tous les pratiquants, d\u00e9butants comme confirm\u00e9s.<\/span><\/p>\n                  <\/div>\n                <\/div>\n              <\/div>\n            <\/div>\n          <\/div>\n          <div class=\"h-column h-column-container d-flex h-col-lg-auto h-col-md-auto h-col-auto style-107-outer style-local-7-c15-outer\">\n            <div data-colibri-id=\"7-c15\" class=\"d-flex h-flex-basis h-column__inner h-ui-empty-state-container h-px-lg-0 h-px-md-0 h-px-0 v-inner-lg-0 v-inner-md-0 v-inner-0 style-107 style-local-7-c15 position-relative\">\n              <!---->\n              <!---->\n              <div class=\"w-100 h-y-container h-column__content h-column__v-align flex-basis-100\">\n                <!---->\n              <\/div>\n            <\/div>\n          <\/div>\n        <\/div>\n      <\/div>\n    <\/div>\n  <\/div>\n  <div data-colibri-component=\"section\" data-colibri-id=\"7-c16\" id=\"about\" class=\"h-section h-section-global-spacing d-flex align-items-lg-center align-items-md-center align-items-center style-136 style-local-7-c16 position-relative\">\n    <!---->\n    <!---->\n    <div class=\"h-section-grid-container h-section-boxed-container\">\n      <!---->\n      <div data-colibri-id=\"7-c17\" class=\"h-row-container gutters-row-lg-2 gutters-row-md-2 gutters-row-0 gutters-row-v-lg-2 gutters-row-v-md-2 gutters-row-v-2 style-137 style-local-7-c17 position-relative\">\n        <!---->\n        <div class=\"h-row justify-content-lg-center justify-content-md-center justify-content-center align-items-lg-stretch align-items-md-stretch align-items-stretch gutters-col-lg-2 gutters-col-md-2 gutters-col-0 gutters-col-v-lg-2 gutters-col-v-md-2 gutters-col-v-2\">\n          <!---->\n          <div class=\"h-column h-column-container d-flex h-col-lg-6 h-col-md-6 h-col-12 style-139-outer style-local-7-c24-outer\">\n            <div data-colibri-id=\"7-c24\" class=\"d-flex h-flex-basis h-column__inner h-px-lg-0 h-px-md-0 h-px-0 v-inner-lg-0 v-inner-md-0 v-inner-0 style-139 style-local-7-c24 position-relative\">\n              <!---->\n              <!---->\n              <div class=\"w-100 h-y-container h-column__content h-column__v-align flex-basis-100 align-self-lg-center align-self-md-center align-self-center\">\n                <!---->\n                <div data-colibri-component=\"video\" data-colibri-id=\"7-c132\" class=\"d-block h-video d-block h-video style-788 style-local-7-c132 position-relative h-element\">\n                  <!---->\n                  <!---->\n                  <div class=\"video-container position-relative\">\n                    <div class=\"h-global-transition-all ratio-inner\"><iframe src=https:\/\/www.youtube.com\/embed\/8c0JzIfDu6E?autoplay=0&#038;mute=0&#038;modestbranding=0&#038;rel=0&#038;enablejsapi=1&#038; class='h-video-main'  allowfullscreen><\/iframe><\/div>\n                  <\/div>\n                <\/div>\n              <\/div>\n            <\/div>\n          <\/div>\n        <\/div>\n      <\/div>\n    <\/div>\n  <\/div>\n  <div data-colibri-component=\"section\" data-colibri-id=\"7-c82\" id=\"CTA\" class=\"h-section h-section-global-spacing d-flex align-items-lg-center align-items-md-center align-items-center style-564 style-local-7-c82 position-relative\">\n    <div class=\"background-wrapper\">\n      <div class=\"background-layer background-layer-media-container-lg\">\n        <div data-enabled=\"true\" data-colibri-component=\"parallax\" class=\"background-layer paraxify\" model-id=\"7-c82\" media=\"desktop\" is-preview=\"true\" style=\"background-image: url(&quot;http:\/\/mposchool.com\/wp-content\/uploads\/2025\/11\/backgroud-2-mpo-dnlb-1.jpg&quot;);\"><\/div>\n        <div class=\"overlay-layer\">\n          <div class=\"overlay-image-layer\" style=\"background-color: rgb(0, 0, 0); opacity: 0.5;\"><\/div>\n        <\/div>\n      <\/div>\n      <div class=\"background-layer background-layer-media-container-md\">\n        <div data-enabled=\"true\" data-colibri-component=\"parallax\" class=\"background-layer paraxify\" model-id=\"7-c82\" media=\"tablet\" is-preview=\"true\" style=\"background-image: url(&quot;http:\/\/mposchool.com\/wp-content\/uploads\/2025\/11\/backgroud-2-mpo-dnlb-1.jpg&quot;);\"><\/div>\n        <div class=\"overlay-layer\">\n          <div class=\"overlay-image-layer\" style=\"background-color: rgb(0, 0, 0); opacity: 0.5;\"><\/div>\n        <\/div>\n      <\/div>\n      <div class=\"background-layer background-layer-media-container\">\n        <div data-enabled=\"true\" data-colibri-component=\"parallax\" class=\"background-layer paraxify\" model-id=\"7-c82\" media=\"mobile\" is-preview=\"true\" style=\"background-image: url(&quot;http:\/\/mposchool.com\/wp-content\/uploads\/2025\/11\/backgroud-2-mpo-dnlb-1.jpg&quot;);\"><\/div>\n        <div class=\"overlay-layer\">\n          <div class=\"overlay-image-layer\" style=\"background-color: rgb(0, 0, 0); opacity: 0.5;\"><\/div>\n        <\/div>\n      <\/div>\n    <\/div>\n    <!---->\n    <div class=\"h-section-grid-container h-section-boxed-container\">\n      <!---->\n      <div data-colibri-id=\"7-c83\" class=\"h-row-container gutters-row-lg-2 gutters-row-md-2 gutters-row-0 gutters-row-v-lg-2 gutters-row-v-md-2 gutters-row-v-2 style-565 style-local-7-c83 position-relative\">\n        <!---->\n        <div class=\"h-row justify-content-lg-center justify-content-md-center justify-content-center align-items-lg-stretch align-items-md-stretch align-items-stretch gutters-col-lg-2 gutters-col-md-2 gutters-col-0 gutters-col-v-lg-2 gutters-col-v-md-2 gutters-col-v-2\">\n          <!---->\n          <div class=\"h-column h-column-container d-flex h-col-lg-auto h-col-md-auto h-col-auto style-566-outer style-local-7-c84-outer\">\n            <div data-colibri-id=\"7-c84\" class=\"d-flex h-flex-basis h-column__inner h-px-lg-0 h-px-md-0 h-px-2 v-inner-lg-0 v-inner-md-0 v-inner-2 style-566 style-local-7-c84 position-relative\">\n              <!---->\n              <!---->\n              <div class=\"w-100 h-y-container h-column__content h-column__v-align flex-basis-100 align-self-lg-start align-self-md-start align-self-start\">\n                <!---->\n                <div data-colibri-id=\"7-c85\" class=\"h-global-transition-all h-heading style-567 style-local-7-c85 position-relative h-element\">\n                  <!---->\n                  <div class=\"h-heading__outer style-567 style-local-7-c85\">\n                    <!---->\n                    <!---->\n                    <h2 class=\"\"><strong>Pret a faire le grand saut ?&nbsp;<\/strong><\/h2>\n                  <\/div>\n                <\/div>\n                <div data-colibri-id=\"7-c86\" class=\"h-x-container style-568 style-local-7-c86 position-relative h-element\">\n                  <!---->\n                  <div class=\"h-x-container-inner style-dynamic-7-c86-group style-568-spacing style-local-7-c86-spacing\"><span class=\"h-button__outer style-569-outer style-local-7-c87-outer d-inline-flex h-element\"><a h-use-smooth-scroll=\"true\" href=\"https:\/\/www.helloasso.com\/associations\/mpo-school\"  data-colibri-id=\"7-c87\" class=\"d-flex w-100 align-items-center h-button justify-content-lg-center justify-content-md-center justify-content-center style-569 style-local-7-c87 position-relative\"><!----><!----> <span>S&#8217;inscrire<\/span><\/a>\n                    <\/span>\n                  <\/div>\n                <\/div>\n              <\/div>\n            <\/div>\n          <\/div>\n        <\/div>\n      <\/div>\n    <\/div>\n  <\/div>\n<\/div>","protected":false},"excerpt":{"rendered":"<p>MPO School c&#8217;est votre nouveau club de parkour sur Marseille ! Apprenez \u00e0 grimper, sauter et faire des acrobaties avec des entra\u00eeneurs dipl\u00f4m\u00e9s ayant plus de 10 ans d&#8217;exp\u00e9rience dans la pratique et l&#8217;enseignement. Le parkour, un art, une philosophie Port\u00e9s par la passion de cette discipline et par l\u2019envie de transmettre ses valeurs \u2013 [&hellip;]<\/p>\n","protected":false},"author":1,"featured_media":0,"parent":0,"menu_order":0,"comment_status":"closed","ping_status":"closed","template":"page-templates\/homepage.php","meta":{"footnotes":""},"class_list":["post-7","page","type-page","status-publish","hentry"],"_links":{"self":[{"href":"https:\/\/mposchool.com\/index.php\/wp-json\/wp\/v2\/pages\/7","targetHints":{"allow":["GET"]}}],"collection":[{"href":"https:\/\/mposchool.com\/index.php\/wp-json\/wp\/v2\/pages"}],"about":[{"href":"https:\/\/mposchool.com\/index.php\/wp-json\/wp\/v2\/types\/page"}],"author":[{"embeddable":true,"href":"https:\/\/mposchool.com\/index.php\/wp-json\/wp\/v2\/users\/1"}],"replies":[{"embeddable":true,"href":"https:\/\/mposchool.com\/index.php\/wp-json\/wp\/v2\/comments?post=7"}],"version-history":[{"count":10,"href":"https:\/\/mposchool.com\/index.php\/wp-json\/wp\/v2\/pages\/7\/revisions"}],"predecessor-version":[{"id":1045,"href":"https:\/\/mposchool.com\/index.php\/wp-json\/wp\/v2\/pages\/7\/revisions\/1045"}],"wp:attachment":[{"href":"https:\/\/mposchool.com\/index.php\/wp-json\/wp\/v2\/media?parent=7"}],"curies":[{"name":"wp","href":"https:\/\/api.w.org\/{rel}","templated":true}]}}